{"id":24,"date":"2020-05-06T12:37:52","date_gmt":"2020-05-06T10:37:52","guid":{"rendered":"http:\/\/wordpress.vbu-deutschland.de\/?page_id=24"},"modified":"2020-05-08T11:52:43","modified_gmt":"2020-05-08T09:52:43","slug":"mitgliedschaft","status":"publish","type":"page","link":"https:\/\/wordpress.vbu-deutschland.de\/?page_id=24","title":{"rendered":"Mitgliedschaft"},"content":{"rendered":"\n<p><strong>Mitglied werden beim Barakiel Business Club<\/strong> <strong>e.V.<\/strong><\/p>\n\n\n\n<p>Die&nbsp;Vereinigung freier Berufe und mittelst\u00e4ndischer Unternehmer e.V. hei\u00dft neue Mitglieder willkommen. Mitglieder k\u00f6nnen werden:<\/p>\n\n\n\n<ul class=\"wp-block-list\"><li>freiberuflich T\u00e4tige (\u00c4rzte, Steuerberater, usw.),<\/li><li>mittelst\u00e4ndische Unternehmer &#8211; auch Gesch\u00e4ftsf\u00fchrer oder Vorstandsmitglieder &#8211; und Unternehmen,<\/li><li>Handwerker und Handwerksbetriebe.<\/li><\/ul>\n\n\n\n<p>Download: <strong><a href=\"\/wp-content\/uploads\/2020\/05\/VBU_Aufnahmeantrag.pdf\" target=\"_blank\" rel=\"noreferrer noopener\">Aufnahmeantrag<\/a><\/strong><\/p>\n\n\n\n<p>Antrag ausf\u00fcllen und an folgende Adresse senden:<\/p>\n\n\n\n<p>Barakiel Business Club e.V.<br>Christoff Spahl<br>Kieler Stra\u00dfe 147<br>22769 Hamburg<\/p>\n\n\n\n<p>E-Mail: info@vbu-deutschland.de<\/p>\n\n\n\n<p>N\u00fctzliche Informationen rund um die Mitgliedschaft: <a href=\"\/wp-content\/uploads\/2020\/05\/VBU_Vereinssatzung.pdf\" target=\"_blank\" rel=\"noreferrer noopener\"><strong>Vereinssatzung<\/strong><\/a><\/p>\n","protected":false},"excerpt":{"rendered":"<p>Mitglied werden beim Barakiel Business Club e.V. Die&nbsp;Vereinigung freier Berufe und mittelst\u00e4ndischer Unternehmer e.V. hei\u00dft neue Mitglieder willkommen. Mitglieder k\u00f6nnen werden: freiberuflich T\u00e4tige (\u00c4rzte, Steuerberater, usw.), mittelst\u00e4ndische Unternehmer &#8211; auch Gesch\u00e4ftsf\u00fchrer oder Vorstandsmitglieder &#8211; und Unternehmen, Handwerker und Handwerksbetriebe. Download: Aufnahmeantrag Antrag ausf\u00fcllen und an folgende Adresse senden: Barakiel Business Club e.V.Christoff SpahlKieler Stra\u00dfe 14722769 &hellip; <\/p>\n<p class=\"link-more\"><a href=\"https:\/\/wordpress.vbu-deutschland.de\/?page_id=24\" class=\"more-link\"><span class=\"screen-reader-text\">\u201eMitgliedschaft\u201c <\/span>weiterlesen<\/a><\/p>\n","protected":false},"author":1,"featured_media":0,"parent":0,"menu_order":0,"comment_status":"closed","ping_status":"closed","template":"","meta":{"footnotes":""},"class_list":["post-24","page","type-page","status-publish","hentry"],"_links":{"self":[{"href":"https:\/\/wordpress.vbu-deutschland.de\/index.php?rest_route=\/wp\/v2\/pages\/24","targetHints":{"allow":["GET"]}}],"collection":[{"href":"https:\/\/wordpress.vbu-deutschland.de\/index.php?rest_route=\/wp\/v2\/pages"}],"about":[{"href":"https:\/\/wordpress.vbu-deutschland.de\/index.php?rest_route=\/wp\/v2\/types\/page"}],"author":[{"embeddable":true,"href":"https:\/\/wordpress.vbu-deutschland.de\/index.php?rest_route=\/wp\/v2\/users\/1"}],"replies":[{"embeddable":true,"href":"https:\/\/wordpress.vbu-deutschland.de\/index.php?rest_route=%2Fwp%2Fv2%2Fcomments&post=24"}],"version-history":[{"count":6,"href":"https:\/\/wordpress.vbu-deutschland.de\/index.php?rest_route=\/wp\/v2\/pages\/24\/revisions"}],"predecessor-version":[{"id":81,"href":"https:\/\/wordpress.vbu-deutschland.de\/index.php?rest_route=\/wp\/v2\/pages\/24\/revisions\/81"}],"wp:attachment":[{"href":"https:\/\/wordpress.vbu-deutschland.de\/index.php?rest_route=%2Fwp%2Fv2%2Fmedia&parent=24"}],"curies":[{"name":"wp","href":"https:\/\/api.w.org\/{rel}","templated":true}]}}