{"id":26,"date":"2020-05-06T12:37:29","date_gmt":"2020-05-06T10:37:29","guid":{"rendered":"http:\/\/wordpress.vbu-deutschland.de\/?page_id=26"},"modified":"2020-05-08T11:52:22","modified_gmt":"2020-05-08T09:52:22","slug":"leistungen-fuer-eine-sichere-zukunftsplanung","status":"publish","type":"page","link":"https:\/\/wordpress.vbu-deutschland.de\/?page_id=26","title":{"rendered":"Leistungen f\u00fcr eine sichere Zukunftsplanung"},"content":{"rendered":"\n<p><strong>Leistungen f\u00fcr eine sichere Zukunftsplanung.<\/strong><\/p>\n\n\n\n<p>Wie auf vielen anderen Gebieten ergeben sich auch im Bereich der privaten und beruflichen Vorsorge f\u00fcr Angeh\u00f6rige der freien Berufe sowie mittelst\u00e4ndische Unternehmer besondere M\u00f6glichkeiten mit einem weiten Spektrum. Der Barakiel Business Club e.V. hat sich auf die Bed\u00fcrfnisse seiner Mitglieder spezialisiert und hilft in Vorsorgefragen vorteilhafte Entscheidungen zu treffen. Er ist selbstlos t\u00e4tig. Ein wirtschaftlicher Gesch\u00e4ftsbetrieb ist ausgeschlossen. Der Verein bietet den Mitgliedern Zugang zu Sonderkonditionen und Zusatzleistungen, die dem Einzelnen nicht ohne weiteres zug\u00e4nglich sind.<\/p>\n\n\n\n<p>Der Verein hat die Ziele und den Zweck:<\/p>\n\n\n\n<ul class=\"wp-block-list\"><li>die gemeinsame Wahrnehmung der Interessen der Angeh\u00f6rigen der freien Berufe, bzw. der mittelst\u00e4ndischen Unternehmer,<\/li><li>die Versorgung der Vereinsmitglieder mit aktuellen Informationen auf beruf- und sozialpolitischem, wirtschaftlichem und rechtlichem Gebiet,<\/li><li>die Pflege des Informationsaustausches und des Erfahrungsaustausches zur L\u00f6sung berufst\u00e4ndischer Probleme,<\/li><li>die Wahrnehmung der Mitgliederinteressen auf dem Gebiet der pers\u00f6nlichen und betrieblichen Altersversorgung.<\/li><\/ul>\n\n\n\n<p>Die Mitglieder des Barakiel Business Club e.V. vertrauen auf die aktive Interessenvertretung sowie Unterst\u00fctzung zum Themengebiet der privaten und beruflichen Vorsorge. Rechts- und Steuerberatungen kann der Barakiel Business Club e.V. aus juristischen Gr\u00fcnden nicht selbst anbieten. Aktualit\u00e4t, fachspezifisches Know-How und Diskretion sind die Grunds\u00e4tze aller Vereins-Leistungen:<\/p>\n\n\n\n<ul class=\"wp-block-list\"><li><a href=\"http:\/\/vbu-deutschland.de\/VBU\/de\/leistungen\/vortraegeundseminare\/index.html\"><strong>Vortr\u00e4ge und Seminare<\/strong><\/a><\/li><li><a href=\"http:\/\/vbu-deutschland.de\/VBU\/de\/leistungen\/dienstleistungen\/index.html\"><strong>Dienstleistungen auf dem Gebiet der Erbschaftssimulation und Unternehmensnachfolge<\/strong><\/a><\/li><li><a href=\"http:\/\/vbu-deutschland.de\/VBU\/de\/leistungen\/Empfehlungen\/index.html\"><strong>Empfehlungen zielgruppenorientierter Versicherungskonzepte<\/strong><\/a><\/li><li><a href=\"http:\/\/vbu-deutschland.de\/VBU\/de\/leistungen\/Auswahl\/index.html\"><strong>Auswahl und Installation aller m\u00f6glichen Durchf\u00fchrungswege der betrieblichen Altersversorgung<\/strong><\/a><\/li><li><a href=\"http:\/\/vbu-deutschland.de\/VBU\/de\/leistungen\/Ueberpruefung\/index.html\"><strong>\u00dcberpr\u00fcfung bestehender Pensionszusagen f\u00fcr (Gesellschafter) Gesch\u00e4ftsf\u00fchrer \u00fcber \u00f6ffentlich bestellte und vereidigte Sachverst\u00e4ndige<\/strong><\/a><\/li><\/ul>\n","protected":false},"excerpt":{"rendered":"<p>Leistungen f\u00fcr eine sichere Zukunftsplanung. Wie auf vielen anderen Gebieten ergeben sich auch im Bereich der privaten und beruflichen Vorsorge f\u00fcr Angeh\u00f6rige der freien Berufe sowie mittelst\u00e4ndische Unternehmer besondere M\u00f6glichkeiten mit einem weiten Spektrum. Der Barakiel Business Club e.V. hat sich auf die Bed\u00fcrfnisse seiner Mitglieder spezialisiert und hilft in Vorsorgefragen vorteilhafte Entscheidungen zu treffen. &hellip; <\/p>\n<p class=\"link-more\"><a href=\"https:\/\/wordpress.vbu-deutschland.de\/?page_id=26\" class=\"more-link\"><span class=\"screen-reader-text\">\u201eLeistungen f\u00fcr eine sichere Zukunftsplanung\u201c <\/span>weiterlesen<\/a><\/p>\n","protected":false},"author":1,"featured_media":0,"parent":0,"menu_order":0,"comment_status":"closed","ping_status":"closed","template":"","meta":{"footnotes":""},"class_list":["post-26","page","type-page","status-publish","hentry"],"_links":{"self":[{"href":"https:\/\/wordpress.vbu-deutschland.de\/index.php?rest_route=\/wp\/v2\/pages\/26","targetHints":{"allow":["GET"]}}],"collection":[{"href":"https:\/\/wordpress.vbu-deutschland.de\/index.php?rest_route=\/wp\/v2\/pages"}],"about":[{"href":"https:\/\/wordpress.vbu-deutschland.de\/index.php?rest_route=\/wp\/v2\/types\/page"}],"author":[{"embeddable":true,"href":"https:\/\/wordpress.vbu-deutschland.de\/index.php?rest_route=\/wp\/v2\/users\/1"}],"replies":[{"embeddable":true,"href":"https:\/\/wordpress.vbu-deutschland.de\/index.php?rest_route=%2Fwp%2Fv2%2Fcomments&post=26"}],"version-history":[{"count":2,"href":"https:\/\/wordpress.vbu-deutschland.de\/index.php?rest_route=\/wp\/v2\/pages\/26\/revisions"}],"predecessor-version":[{"id":80,"href":"https:\/\/wordpress.vbu-deutschland.de\/index.php?rest_route=\/wp\/v2\/pages\/26\/revisions\/80"}],"wp:attachment":[{"href":"https:\/\/wordpress.vbu-deutschland.de\/index.php?rest_route=%2Fwp%2Fv2%2Fmedia&parent=26"}],"curies":[{"name":"wp","href":"https:\/\/api.w.org\/{rel}","templated":true}]}}