{"id":38,"date":"2020-05-06T12:43:32","date_gmt":"2020-05-06T10:43:32","guid":{"rendered":"http:\/\/wordpress.vbu-deutschland.de\/?page_id=38"},"modified":"2020-05-06T12:43:32","modified_gmt":"2020-05-06T10:43:32","slug":"erbschaftssimulation-und-unternehmensnachfolge","status":"publish","type":"page","link":"https:\/\/wordpress.vbu-deutschland.de\/?page_id=38","title":{"rendered":"Erbschaftssimulation und Unternehmensnachfolge"},"content":{"rendered":"\n<p><strong>Dienstleistungen auf dem Gebiet der Erbschaftssimulation und Unternehmensnachfolge<\/strong><\/p>\n\n\n\n<p>Die immer st\u00e4rker wachsende Eigenverantwortung f\u00fcr die finanzielle Absicherung jedes Einzelnen und somit das Risiko einer folgenschweren Entscheidung sollte rechtzeitig erkannt werden. Langj\u00e4hrige Erbstreitigkeiten, der Zerfall des Lebenswerkes oder die Zerst\u00f6rung des Familienfriedens m\u00f6chte keiner riskieren. Jedoch zeigt die Realit\u00e4t, dass 90 % aller Testamente mangelhaft sind.<\/p>\n\n\n\n<p>Abhilfe und Sicherheit schafft eine ganzheitliche und in die Zukunft gerichtete Finanzplanung. Diese sollte sich nach den individuellen Gegebenheiten und den zuk\u00fcnftigen Pl\u00e4nen richten. Einen wichtigen Baustein dieser ganzheitlichen Planung bildet Estate Planning &#8211; die Organisation der Verm\u00f6gensnachfolge. Ziel ist es, die richtige Nachfolgeplanung zu entwickeln und optimal umzusetzen.<\/p>\n\n\n\n<p>Estate Planner helfen bei der strukturiert geordneten Vorgehensweise in der Planung des Verm\u00f6gens\u00fcberganges:<\/p>\n\n\n\n<ul class=\"wp-block-list\"><li>Es beginnt mit der detaillierten Aufnahme und Bewertung des Verm\u00f6gens. Welche Verm\u00f6genswerte haben welchen erbschaftssteuerlichen Wert. Wie hoch ist der liquide Teil des Verm\u00f6gens.<\/li><li>Es folgt die Darstellung der Auswirkungen einer gew\u00fcnschten Nachlassplanung. Schwarz auf wei\u00df werden die wirtschaftlichen Folgen (Pflichtteilsforderungen, Steuerzahlungen&#8230;) sichtbar.<\/li><li>Eine aussagekr\u00e4ftige Analyse der pers\u00f6nlichen Situation gibt Auskunft \u00fcber W\u00fcnsche, Familienstrukturen, Aufnahme und Bewertung des Verm\u00f6gens und die Simulation verschiedener Szenarien. Sie ist die Basis f\u00fcr die Zusammenarbeit mit Spezialisten \u2013 Steuerberater, Wirtschaftspr\u00fcfer, Rechtsanw\u00e4lte, Notare und Verm\u00f6gensberater<\/li><li>Das Ergebnis ist \u00dcberblick, Kenntnis der eigenen Ist-Situation und das gute Gef\u00fchl, alles ber\u00fccksichtigt zu haben.<\/li><\/ul>\n\n\n\n<p>Sie w\u00fcnschen detaillierte Informationen zu dieser entscheidenden Thematik oder haben diesbez\u00fcglich Interesse an einer Veranstaltung?<\/p>\n\n\n\n<p>Senden Sie uns einfach eine\u00a0<a href=\"mailto:info@vbu-deutschland.de\">E-Mail<\/a>, damit wir uns mit Ihnen in Verbindung setzen k\u00f6nnen.<\/p>\n","protected":false},"excerpt":{"rendered":"<p>Dienstleistungen auf dem Gebiet der Erbschaftssimulation und Unternehmensnachfolge Die immer st\u00e4rker wachsende Eigenverantwortung f\u00fcr die finanzielle Absicherung jedes Einzelnen und somit das Risiko einer folgenschweren Entscheidung sollte rechtzeitig erkannt werden. Langj\u00e4hrige Erbstreitigkeiten, der Zerfall des Lebenswerkes oder die Zerst\u00f6rung des Familienfriedens m\u00f6chte keiner riskieren. Jedoch zeigt die Realit\u00e4t, dass 90 % aller Testamente mangelhaft sind. &hellip; <\/p>\n<p class=\"link-more\"><a href=\"https:\/\/wordpress.vbu-deutschland.de\/?page_id=38\" class=\"more-link\"><span class=\"screen-reader-text\">\u201eErbschaftssimulation und Unternehmensnachfolge\u201c <\/span>weiterlesen<\/a><\/p>\n","protected":false},"author":1,"featured_media":0,"parent":0,"menu_order":0,"comment_status":"closed","ping_status":"closed","template":"","meta":{"footnotes":""},"class_list":["post-38","page","type-page","status-publish","hentry"],"_links":{"self":[{"href":"https:\/\/wordpress.vbu-deutschland.de\/index.php?rest_route=\/wp\/v2\/pages\/38","targetHints":{"allow":["GET"]}}],"collection":[{"href":"https:\/\/wordpress.vbu-deutschland.de\/index.php?rest_route=\/wp\/v2\/pages"}],"about":[{"href":"https:\/\/wordpress.vbu-deutschland.de\/index.php?rest_route=\/wp\/v2\/types\/page"}],"author":[{"embeddable":true,"href":"https:\/\/wordpress.vbu-deutschland.de\/index.php?rest_route=\/wp\/v2\/users\/1"}],"replies":[{"embeddable":true,"href":"https:\/\/wordpress.vbu-deutschland.de\/index.php?rest_route=%2Fwp%2Fv2%2Fcomments&post=38"}],"version-history":[{"count":1,"href":"https:\/\/wordpress.vbu-deutschland.de\/index.php?rest_route=\/wp\/v2\/pages\/38\/revisions"}],"predecessor-version":[{"id":39,"href":"https:\/\/wordpress.vbu-deutschland.de\/index.php?rest_route=\/wp\/v2\/pages\/38\/revisions\/39"}],"wp:attachment":[{"href":"https:\/\/wordpress.vbu-deutschland.de\/index.php?rest_route=%2Fwp%2Fv2%2Fmedia&parent=38"}],"curies":[{"name":"wp","href":"https:\/\/api.w.org\/{rel}","templated":true}]}}