{"id":42,"date":"2020-05-06T12:44:52","date_gmt":"2020-05-06T10:44:52","guid":{"rendered":"http:\/\/wordpress.vbu-deutschland.de\/?page_id=42"},"modified":"2020-05-08T11:49:17","modified_gmt":"2020-05-08T09:49:17","slug":"betriebliche-altersversorgung","status":"publish","type":"page","link":"https:\/\/wordpress.vbu-deutschland.de\/?page_id=42","title":{"rendered":"Betriebliche Altersversorgung"},"content":{"rendered":"\n<p><strong>Auswahl und Installation aller m\u00f6glichen Durchf\u00fchrungswege der betrieblichen Altersversorgung<\/strong><\/p>\n\n\n\n<p>Die dritte S\u00e4ule der Altersversorgung gewinnt zunehmend an Bedeutung. Nicht zuletzt vor dem Hintergrund der Entwicklungen in der gesetzlichen Rentenversicherung wurden die Rahmenbedingungen f\u00fcr die betriebliche Altersversorgung weiter verbessert. Durch die Gesetze, die seit dem Jahr 2002 Anwendung finden wird sie selbst die private Versorgung zu einem erheblichen Teil verdr\u00e4ngen. Die betriebliche Vorsorge ist so attraktiv wie nie zuvor.<\/p>\n\n\n\n<p>Doch welcher Durchf\u00fchrungsweg ist f\u00fcr leitende Angestellte, die Gesch\u00e4ftsleitung oder die Mitarbeiter von Vorteil?<\/p>\n\n\n\n<ul class=\"wp-block-list\"><li>Direktversicherung<\/li><li>Pensionskasse<\/li><li>Pensionsfonds<\/li><li>Unterst\u00fctzungskasse<\/li><li>Direktzusage \/ Pensionszusage<\/li><\/ul>\n\n\n\n<p>F\u00fcr Antwort auf diese Frage sowie Informationen dar\u00fcber, welcher Weg unter steuerlichen, verwaltungstechnischen oder haftungsrechtlichen Aspekten eine optimale Versorgung gew\u00e4hrleistet, unterst\u00fctzt der Barakiel Business Club e.V. gern.<\/p>\n\n\n\n<p>Der Barakiel Business Club e.V. koordiniert auf Wunsch:<\/p>\n\n\n\n<ul class=\"wp-block-list\"><li>die Analyse bestehender Versorgungswerke,<\/li><li>die Auswahl des oder der Durchf\u00fchrungswege, die zum Unternehmen passen,<\/li><li>die Umsetzung und Kommunikation des Versorgungswerkes,<\/li><li>die laufende Betreuung des Versorgungswerkes.<\/li><\/ul>\n\n\n\n<p>Sie w\u00fcnschen ein individuelles Konzept zur betrieblichen Altersversorgung, das Ihren Anspr\u00fcchen gen\u00fcgt und Haftungsrisiken f\u00fcr das Unternehmen minimiert?<\/p>\n\n\n\n<p>Senden Sie uns einfach eine&nbsp;<a href=\"mailto:info@vbu-deutschland.de\">eMail<\/a>, damit wir uns mit Ihnen in Verbindung setzen k\u00f6nnen.<\/p>\n","protected":false},"excerpt":{"rendered":"<p>Auswahl und Installation aller m\u00f6glichen Durchf\u00fchrungswege der betrieblichen Altersversorgung Die dritte S\u00e4ule der Altersversorgung gewinnt zunehmend an Bedeutung. Nicht zuletzt vor dem Hintergrund der Entwicklungen in der gesetzlichen Rentenversicherung wurden die Rahmenbedingungen f\u00fcr die betriebliche Altersversorgung weiter verbessert. Durch die Gesetze, die seit dem Jahr 2002 Anwendung finden wird sie selbst die private Versorgung zu &hellip; <\/p>\n<p class=\"link-more\"><a href=\"https:\/\/wordpress.vbu-deutschland.de\/?page_id=42\" class=\"more-link\"><span class=\"screen-reader-text\">\u201eBetriebliche Altersversorgung\u201c <\/span>weiterlesen<\/a><\/p>\n","protected":false},"author":1,"featured_media":0,"parent":0,"menu_order":0,"comment_status":"closed","ping_status":"closed","template":"","meta":{"footnotes":""},"class_list":["post-42","page","type-page","status-publish","hentry"],"_links":{"self":[{"href":"https:\/\/wordpress.vbu-deutschland.de\/index.php?rest_route=\/wp\/v2\/pages\/42","targetHints":{"allow":["GET"]}}],"collection":[{"href":"https:\/\/wordpress.vbu-deutschland.de\/index.php?rest_route=\/wp\/v2\/pages"}],"about":[{"href":"https:\/\/wordpress.vbu-deutschland.de\/index.php?rest_route=\/wp\/v2\/types\/page"}],"author":[{"embeddable":true,"href":"https:\/\/wordpress.vbu-deutschland.de\/index.php?rest_route=\/wp\/v2\/users\/1"}],"replies":[{"embeddable":true,"href":"https:\/\/wordpress.vbu-deutschland.de\/index.php?rest_route=%2Fwp%2Fv2%2Fcomments&post=42"}],"version-history":[{"count":2,"href":"https:\/\/wordpress.vbu-deutschland.de\/index.php?rest_route=\/wp\/v2\/pages\/42\/revisions"}],"predecessor-version":[{"id":78,"href":"https:\/\/wordpress.vbu-deutschland.de\/index.php?rest_route=\/wp\/v2\/pages\/42\/revisions\/78"}],"wp:attachment":[{"href":"https:\/\/wordpress.vbu-deutschland.de\/index.php?rest_route=%2Fwp%2Fv2%2Fmedia&parent=42"}],"curies":[{"name":"wp","href":"https:\/\/api.w.org\/{rel}","templated":true}]}}