{"id":46,"date":"2020-05-06T12:48:08","date_gmt":"2020-05-06T10:48:08","guid":{"rendered":"http:\/\/wordpress.vbu-deutschland.de\/?page_id=46"},"modified":"2020-05-08T11:54:56","modified_gmt":"2020-05-08T09:54:56","slug":"vortraege-und-seminare-2","status":"publish","type":"page","link":"https:\/\/wordpress.vbu-deutschland.de\/?page_id=46","title":{"rendered":"Vortr\u00e4ge und Seminare"},"content":{"rendered":"\n<p><strong>Vortr\u00e4ge und Seminar zu Themen der Barakiel Business Club-Mitgleider<\/strong> <\/p>\n\n\n\n<p>Der Barakiel Business Club e.V. bietet die M\u00f6glichkeit, an Veranstaltungen teil zu nehmen. Die Themen betreffen Angeh\u00f6rige der freien Berufe und Verantwortliche mittelst\u00e4ndischer Unternehmen. Eine Reihe offener Seminare ist in Zusammenarbeit mit dem Pinneberger Tageblatt entstanden, mit dem der Barakiel Business Club e.V. in unregelm\u00e4\u00dfigen Zeitabst\u00e4nden Wirtschaftsforen zu aktuellen Themen durchf\u00fchrte.<\/p>\n\n\n\n<p>Dar\u00fcber hinaus organisiert der Barakiel Business Club e.V. auf Anfrage offene und geschlossene Veranstaltungen f\u00fcr Branchen und Interessengruppen. Einige Beispiele daf\u00fcr sind:<\/p>\n\n\n\n<ul class=\"wp-block-list\"><li>Handwerksinnungen<\/li><li>Unternehmensforen<\/li><li>Betriebe\/Betriebsr\u00e4te<\/li><li>Kapitalanleger<\/li><li>Vereine\/Clubs<\/li><li>Steuerberater<\/li><li>Mitglieder der Gesch\u00e4ftsleitung<\/li><li>Manager und F\u00fchrungskr\u00e4fte<\/li><\/ul>\n\n\n\n<p>Die Veranstaltungsthemen sind breit gef\u00e4chert. Hier ein Auszug aus bereits durchgef\u00fchrten und m\u00f6glichen Veranstaltungsthemen:<\/p>\n\n\n\n<ul class=\"wp-block-list\"><li>Die betriebliche Alterversorgung in der Beratungspraxis (geschlossenes Seminar f\u00fcr Steuerberater und Wirtschaftspr\u00fcfer)<\/li><li>S.O.S. &#8211; Sozialversicherung in Not (offene Veranstaltung mit einem Vorstand der Bundesversicherungsanstalt f\u00fcr Angestellte)<\/li><li>Kapitalanlage in schwierigen B\u00f6rsenzeiten (Vortrag mit dem Pr\u00e4sidenten des Bundesverbandes deutscher Investmentberater BVDI e.V.)<\/li><li>Die betriebliche Altersversorgung &#8211; Ein aktueller \u00dcberblick \u00fcber die m\u00f6glichen Durchf\u00fchrungswege (Pr\u00e4sentation f\u00fcr Unternehmen und Unternehmer)<\/li><li>Erben und Vererben (offenes Seminar: Fallbeispiel \u00fcber eine Erbfallsimulation \/ Hilfe bei der Nachfolgeregelung durch Integration von Steuerberater und Rechtsbeistand in die eigene Planung)<\/li><li>Management- und F\u00fchrungskr\u00e4ftetraining in Kooperation mit verschiedenen Unternehmensberatern und Trainerb\u00f6rsen<\/li><\/ul>\n\n\n\n<p>Sie w\u00fcnschen detaillierte Informationen zu einer Veranstaltung oder eine Veranstaltung mit uns durchzuf\u00fchren?<\/p>\n\n\n\n<p>Senden Sie uns einfach eine&nbsp;<a href=\"mailto:info@vbu-deutschland.de\">E-Mail<\/a>, damit wir uns mit Ihnen in Verbindung setzen k\u00f6nnen.<\/p>\n","protected":false},"excerpt":{"rendered":"<p>Vortr\u00e4ge und Seminar zu Themen der Barakiel Business Club-Mitgleider Der Barakiel Business Club e.V. bietet die M\u00f6glichkeit, an Veranstaltungen teil zu nehmen. Die Themen betreffen Angeh\u00f6rige der freien Berufe und Verantwortliche mittelst\u00e4ndischer Unternehmen. Eine Reihe offener Seminare ist in Zusammenarbeit mit dem Pinneberger Tageblatt entstanden, mit dem der Barakiel Business Club e.V. in unregelm\u00e4\u00dfigen Zeitabst\u00e4nden &hellip; <\/p>\n<p class=\"link-more\"><a href=\"https:\/\/wordpress.vbu-deutschland.de\/?page_id=46\" class=\"more-link\"><span class=\"screen-reader-text\">\u201eVortr\u00e4ge und Seminare\u201c <\/span>weiterlesen<\/a><\/p>\n","protected":false},"author":1,"featured_media":0,"parent":0,"menu_order":0,"comment_status":"closed","ping_status":"closed","template":"","meta":{"footnotes":""},"class_list":["post-46","page","type-page","status-publish","hentry"],"_links":{"self":[{"href":"https:\/\/wordpress.vbu-deutschland.de\/index.php?rest_route=\/wp\/v2\/pages\/46","targetHints":{"allow":["GET"]}}],"collection":[{"href":"https:\/\/wordpress.vbu-deutschland.de\/index.php?rest_route=\/wp\/v2\/pages"}],"about":[{"href":"https:\/\/wordpress.vbu-deutschland.de\/index.php?rest_route=\/wp\/v2\/types\/page"}],"author":[{"embeddable":true,"href":"https:\/\/wordpress.vbu-deutschland.de\/index.php?rest_route=\/wp\/v2\/users\/1"}],"replies":[{"embeddable":true,"href":"https:\/\/wordpress.vbu-deutschland.de\/index.php?rest_route=%2Fwp%2Fv2%2Fcomments&post=46"}],"version-history":[{"count":2,"href":"https:\/\/wordpress.vbu-deutschland.de\/index.php?rest_route=\/wp\/v2\/pages\/46\/revisions"}],"predecessor-version":[{"id":84,"href":"https:\/\/wordpress.vbu-deutschland.de\/index.php?rest_route=\/wp\/v2\/pages\/46\/revisions\/84"}],"wp:attachment":[{"href":"https:\/\/wordpress.vbu-deutschland.de\/index.php?rest_route=%2Fwp%2Fv2%2Fmedia&parent=46"}],"curies":[{"name":"wp","href":"https:\/\/api.w.org\/{rel}","templated":true}]}}